{"id":147,"date":"2025-10-04T16:48:17","date_gmt":"2025-10-04T19:48:17","guid":{"rendered":"https:\/\/www.censalins.g12.br\/?page_id=147"},"modified":"2026-01-12T11:33:02","modified_gmt":"2026-01-12T14:33:02","slug":"conheca-nossa-historia","status":"publish","type":"page","link":"https:\/\/www.censalins.g12.br\/?page_id=147","title":{"rendered":"Conhe\u00e7a Nossa Hist\u00f3ria"},"content":{"rendered":"\t\t<div data-elementor-type=\"wp-page\" data-elementor-id=\"147\" class=\"elementor elementor-147\" data-elementor-settings=\"{&quot;ha_cmc_init_switcher&quot;:&quot;no&quot;}\" data-elementor-post-type=\"page\">\n\t\t\t\t\t\t<section class=\"elementor-section elementor-top-section elementor-element elementor-element-861c2cd elementor-section-boxed elementor-section-height-default elementor-section-height-default\" data-id=\"861c2cd\" data-element_type=\"section\" data-settings=\"{&quot;_ha_eqh_enable&quot;:false}\">\n\t\t\t\t\t\t<div class=\"elementor-container elementor-column-gap-default\">\n\t\t\t\t\t<div class=\"elementor-column elementor-col-100 elementor-top-column elementor-element elementor-element-c83ebcf\" data-id=\"c83ebcf\" data-element_type=\"column\">\n\t\t\t<div class=\"elementor-widget-wrap elementor-element-populated\">\n\t\t\t\t<div class=\"elementor-element elementor-element-a89eddc e-flex e-con-boxed e-con e-parent\" data-id=\"a89eddc\" data-element_type=\"container\" data-settings=\"{&quot;_ha_eqh_enable&quot;:false}\">\n\t\t\t\t\t<div class=\"e-con-inner\">\n\t\t<div class=\"elementor-element elementor-element-ca66795 e-con-full e-flex e-con e-child\" data-id=\"ca66795\" data-element_type=\"container\" data-settings=\"{&quot;_ha_eqh_enable&quot;:false}\">\n\t\t<div class=\"elementor-element elementor-element-b3b82da e-con-full e-flex e-con e-child\" data-id=\"b3b82da\" data-element_type=\"container\" data-settings=\"{&quot;_ha_eqh_enable&quot;:false}\">\n\t\t\t\t<\/div>\n\t\t\t\t<div class=\"elementor-element elementor-element-de87782 animated-img elementor-widget elementor-widget-image\" data-id=\"de87782\" data-element_type=\"widget\" data-widget_type=\"image.default\">\n\t\t\t\t\t\t\t\t\t\t\t\t\t\t\t<img fetchpriority=\"high\" decoding=\"async\" width=\"1014\" height=\"628\" src=\"https:\/\/www.censalins.g12.br\/wp-content\/uploads\/2025\/10\/ft.png\" class=\"attachment-full size-full wp-image-154\" alt=\"\" srcset=\"https:\/\/www.censalins.g12.br\/wp-content\/uploads\/2025\/10\/ft.png 1014w, https:\/\/www.censalins.g12.br\/wp-content\/uploads\/2025\/10\/ft-300x186.png 300w, https:\/\/www.censalins.g12.br\/wp-content\/uploads\/2025\/10\/ft-768x476.png 768w\" sizes=\"(max-width: 1014px) 100vw, 1014px\" \/>\t\t\t\t\t\t\t\t\t\t\t\t\t\t\t<\/div>\n\t\t\t\t<div class=\"elementor-element elementor-element-20b8589 animated-img elementor-widget elementor-widget-image\" data-id=\"20b8589\" data-element_type=\"widget\" data-widget_type=\"image.default\">\n\t\t\t\t\t\t\t\t\t\t\t\t\t\t\t<img decoding=\"async\" src=\"https:\/\/www.censalins.g12.br\/wp-content\/uploads\/2025\/11\/Foto-Fachada-Completa.png\" class=\"attachment-full size-full wp-image-590\" alt=\"\" \/>\t\t\t\t\t\t\t\t\t\t\t\t\t\t\t<\/div>\n\t\t\t\t<div class=\"elementor-element elementor-element-2a44785 elementor-widget elementor-widget-html\" data-id=\"2a44785\" data-element_type=\"widget\" data-widget_type=\"html.default\">\n\t\t\t\t\t<script>\n\/\/ Aguarda o DOM pronto\ndocument.addEventListener('DOMContentLoaded', function() {\n  \/\/ 1. Seleciona todas as imagens\n  const images = gsap.utils.toArray('.animated-img');\n  \n  \/\/ 2. Estado inicial: todas desfocadas e sem escala extra\n  gsap.set(images, {\n    filter: 'blur(4px)',\n    scale: 1\n  });\n\n  \/\/ 3. Cria timeline infinita com 0.8s de dura\u00e7\u00e3o padr\u00e3o\n  const tl = gsap.timeline({\n    repeat: -1,\n    defaults: {\n      duration: 0.8,          \/\/ 800 ms\n      ease: 'power1.inOut'\n    }\n  });\n\n  images.forEach(img => {\n    \/\/ 3.1. Traz esta imagem em foco\n    tl.to(img, {\n      filter: 'blur(0px)',\n      scale: 1.01\n    });\n    \/\/ 3.2. Mant\u00e9m em foco por 0.4s\n    tl.to({}, { duration: 0.4 });\n    \/\/ 3.3. Volta para estado desfocado\n    tl.to(img, {\n      filter: 'blur(4px)',\n      scale: 1\n    });\n  });\n});\n<\/script>\n\t\t\t\t<\/div>\n\t\t\t\t<\/div>\n\t\t<div class=\"elementor-element elementor-element-6ddedd3 e-con-full e-flex e-con e-child\" data-id=\"6ddedd3\" data-element_type=\"container\" data-settings=\"{&quot;_ha_eqh_enable&quot;:false}\">\n\t\t\t\t<div class=\"elementor-element elementor-element-1610caa elementor-widget elementor-widget-image-box\" data-id=\"1610caa\" data-element_type=\"widget\" data-widget_type=\"image-box.default\">\n\t\t\t\t\t<div class=\"elementor-image-box-wrapper\"><div class=\"elementor-image-box-content\"><h3 class=\"elementor-image-box-title\">Nossa hist\u00f3ria<\/h3><p class=\"elementor-image-box-description\">Conhe\u00e7a a trajet\u00f3ria que deu vida \u00e0 nossa marca. Cada passo, desafio e conquista moldaram quem somos hoje \u2014 uma hist\u00f3ria feita com prop\u00f3sito, paix\u00e3o e muita dedica\u00e7\u00e3o.\n<br>\n\nO Centro Educacional Nossa Senhora Auxiliadora (CENSA) foi criado pela Lei Municipal n\u00ba 67\/29, da Prefeitura Municipal de Lins, em 25 de janeiro de 1929, com o nome de Escola Normal Livre de Lins.\n<br>\nDesde 1942, pertence ao Instituto das Filhas de Maria Auxiliadora (FMA) \u2013 Inspetoria Imaculada Auxiliadora do Estado de Mato Grosso do Sul. O Instituto das Filhas de Maria Auxiliadora foi fundado em 1872, em Mornese, na It\u00e1lia, por S\u00e3o Jo\u00e3o Bosco e Santa Madre Maria Domingas Mazzarello.\n<br>\nO CENSA \u00e9 um estabelecimento cat\u00f3lico e salesiano, que tem como miss\u00e3o partilhar a vida com a juventude, cultivando nos educandos ideais de liberdade e a viv\u00eancia de valores que promovam uma sociedade mais justa e solid\u00e1ria.\n<\/p><\/div><\/div>\t\t\t\t<\/div>\n\t\t\t\t<div class=\"elementor-element elementor-element-05c644f elementor-align-center elementor-hidden-tablet elementor-hidden-mobile elementor-widget elementor-widget-button\" data-id=\"05c644f\" data-element_type=\"widget\" data-widget_type=\"button.default\">\n\t\t\t\t\t\t\t\t\t\t<a class=\"elementor-button elementor-button-link elementor-size-sm\" href=\"https:\/\/www.censalins.g12.br\/?page_id=136\" target=\"_blank\">\n\t\t\t\t\t\t<span class=\"elementor-button-content-wrapper\">\n\t\t\t\t\t\t\t\t\t<span class=\"elementor-button-text\">Venha fazer parte!<\/span>\n\t\t\t\t\t<\/span>\n\t\t\t\t\t<\/a>\n\t\t\t\t\t\t\t\t<\/div>\n\t\t\t\t<\/div>\n\t\t\t\t\t<\/div>\n\t\t\t\t<\/div>\n\t\t\t\t\t<\/div>\n\t\t<\/div>\n\t\t\t\t\t<\/div>\n\t\t<\/section>\n\t\t<div class=\"elementor-element elementor-element-e04d17c e-flex e-con-boxed e-con e-parent\" data-id=\"e04d17c\" data-element_type=\"container\" data-settings=\"{&quot;background_background&quot;:&quot;classic&quot;,&quot;_ha_eqh_enable&quot;:false}\">\n\t\t\t\t\t<div class=\"e-con-inner\">\n\t\t\t\t<div class=\"elementor-element elementor-element-2299017 elementor-widget elementor-widget-image-box\" data-id=\"2299017\" data-element_type=\"widget\" data-widget_type=\"image-box.default\">\n\t\t\t\t\t<div class=\"elementor-image-box-wrapper\"><div class=\"elementor-image-box-content\"><p class=\"elementor-image-box-description\">A escola oferece Educa\u00e7\u00e3o B\u00e1sica, abrangendo Educa\u00e7\u00e3o Infantil, Ensino Fundamental (Regular e Ensino Especial) e Ensino M\u00e9dio, em conformidade com a Lei 9.394\/96 \u2013 Lei de Diretrizes e Bases da Educa\u00e7\u00e3o Nacional \u2013 e com o Novo Ensino M\u00e9dio. Sua abordagem interdisciplinar valoriza a forma\u00e7\u00e3o integral do aluno, preparando-o para atuar na sociedade como um protagonista solid\u00e1rio, respons\u00e1vel e transformador.\n\nO CENSA promove uma educa\u00e7\u00e3o inovadora e humanista, formando n\u00e3o apenas profissionais qualificados para o mercado de trabalho, mas tamb\u00e9m cidad\u00e3os comprometidos com o respeito ao pr\u00f3ximo e a constru\u00e7\u00e3o de um mundo melhor.\n\nEssa proposta pedag\u00f3gica se concretiza em todos os momentos de aprendizagem, culminando em um dos maiores eventos da escola: a Feira Interdisciplinar (FEINTER), realizada desde 1990. A FEINTER sintetiza todo o conhecimento trabalhado ao longo do ano letivo, promovendo uma abordagem interdisciplinar que amplia o olhar dos alunos sobre a realidade.\n\nAl\u00e9m disso, a metodologia adotada no CENSA incentiva a coopera\u00e7\u00e3o e a comunica\u00e7\u00e3o, fortalecendo o trabalho em equipe e o aprendizado significativo em torno de objetivos comuns.<\/p><\/div><\/div>\t\t\t\t<\/div>\n\t\t\t\t\t<\/div>\n\t\t\t\t<\/div>\n\t\t<div class=\"elementor-element elementor-element-6dd9f05 e-flex e-con-boxed e-con e-parent\" data-id=\"6dd9f05\" data-element_type=\"container\" data-settings=\"{&quot;_ha_eqh_enable&quot;:false}\">\n\t\t\t\t\t<div class=\"e-con-inner\">\n\t\t\t\t<div class=\"elementor-element elementor-element-42f7309 elementor-widget elementor-widget-heading\" data-id=\"42f7309\" data-element_type=\"widget\" data-widget_type=\"heading.default\">\n\t\t\t\t\t<h2 class=\"elementor-heading-title elementor-size-default\">Veja nossa localiza\u00e7\u00e3o e venha nos visitar!<\/h2>\t\t\t\t<\/div>\n\t\t\t\t<div class=\"elementor-element elementor-element-478c36d elementor-widget elementor-widget-text-editor\" data-id=\"478c36d\" data-element_type=\"widget\" data-widget_type=\"text-editor.default\">\n\t\t\t\t\t\t\t\t\t<p><span style=\"color: #1b3e92;\">Estamos em um local de f\u00e1cil acesso e preparados para receber voc\u00ea com todo cuidado e aten\u00e7\u00e3o. Venha conhecer nosso espa\u00e7o, tirar suas d\u00favidas pessoalmente e aproveitar tudo o que temos a oferecer.<\/span><\/p><p><strong>Ser\u00e1 um prazer receber a sua visita<\/strong><\/p>\t\t\t\t\t\t\t\t<\/div>\n\t\t\t\t<div class=\"elementor-element elementor-element-04aee40 elementor-widget elementor-widget-google_maps\" data-id=\"04aee40\" data-element_type=\"widget\" data-widget_type=\"google_maps.default\">\n\t\t\t\t\t\t\t<div class=\"elementor-custom-embed\">\n\t\t\t<iframe loading=\"lazy\"\n\t\t\t\t\tsrc=\"https:\/\/maps.google.com\/maps?q=R.%20Dom%20B%C3%B4sco%2C%20431%20-%20Vila%20Alta%2C%20Lins%20-%20SP%2C%2016400-505&#038;t=m&#038;z=10&#038;output=embed&#038;iwloc=near\"\n\t\t\t\t\ttitle=\"R. Dom B\u00f4sco, 431 - Vila Alta, Lins - SP, 16400-505\"\n\t\t\t\t\taria-label=\"R. Dom B\u00f4sco, 431 - Vila Alta, Lins - SP, 16400-505\"\n\t\t\t><\/iframe>\n\t\t<\/div>\n\t\t\t\t\t\t<\/div>\n\t\t\t\t\t<\/div>\n\t\t\t\t<\/div>\n\t\t\t\t<\/div>\n\t\t","protected":false},"excerpt":{"rendered":"<p>Nossa hist\u00f3ria Conhe\u00e7a a trajet\u00f3ria que deu vida \u00e0 nossa marca. Cada passo, desafio e conquista moldaram quem somos hoje \u2014 uma hist\u00f3ria feita com prop\u00f3sito, paix\u00e3o e muita dedica\u00e7\u00e3o. [&hellip;]<\/p>\n","protected":false},"author":1,"featured_media":0,"parent":0,"menu_order":0,"comment_status":"closed","ping_status":"closed","template":"elementor_header_footer","meta":{"footnotes":""},"folder":[],"class_list":["post-147","page","type-page","status-publish","hentry"],"_links":{"self":[{"href":"https:\/\/www.censalins.g12.br\/index.php?rest_route=\/wp\/v2\/pages\/147","targetHints":{"allow":["GET"]}}],"collection":[{"href":"https:\/\/www.censalins.g12.br\/index.php?rest_route=\/wp\/v2\/pages"}],"about":[{"href":"https:\/\/www.censalins.g12.br\/index.php?rest_route=\/wp\/v2\/types\/page"}],"author":[{"embeddable":true,"href":"https:\/\/www.censalins.g12.br\/index.php?rest_route=\/wp\/v2\/users\/1"}],"replies":[{"embeddable":true,"href":"https:\/\/www.censalins.g12.br\/index.php?rest_route=%2Fwp%2Fv2%2Fcomments&post=147"}],"version-history":[{"count":37,"href":"https:\/\/www.censalins.g12.br\/index.php?rest_route=\/wp\/v2\/pages\/147\/revisions"}],"predecessor-version":[{"id":1190,"href":"https:\/\/www.censalins.g12.br\/index.php?rest_route=\/wp\/v2\/pages\/147\/revisions\/1190"}],"wp:attachment":[{"href":"https:\/\/www.censalins.g12.br\/index.php?rest_route=%2Fwp%2Fv2%2Fmedia&parent=147"}],"wp:term":[{"taxonomy":"folder","embeddable":true,"href":"https:\/\/www.censalins.g12.br\/index.php?rest_route=%2Fwp%2Fv2%2Ffolder&post=147"}],"curies":[{"name":"wp","href":"https:\/\/api.w.org\/{rel}","templated":true}]}}