{"id":172,"date":"2025-10-04T17:01:06","date_gmt":"2025-10-04T20:01:06","guid":{"rendered":"https:\/\/www.censalins.g12.br\/?page_id=172"},"modified":"2025-11-06T08:41:29","modified_gmt":"2025-11-06T11:41:29","slug":"metodologia-educativa","status":"publish","type":"page","link":"https:\/\/www.censalins.g12.br\/?page_id=172","title":{"rendered":"Metodologia Educativa"},"content":{"rendered":"\t\t<div data-elementor-type=\"wp-page\" data-elementor-id=\"172\" class=\"elementor elementor-172\" data-elementor-settings=\"{&quot;ha_cmc_init_switcher&quot;:&quot;no&quot;}\" data-elementor-post-type=\"page\">\n\t\t\t\t\t\t<section class=\"elementor-section elementor-top-section elementor-element elementor-element-9a77c28 elementor-section-boxed elementor-section-height-default elementor-section-height-default\" data-id=\"9a77c28\" data-element_type=\"section\" data-settings=\"{&quot;_ha_eqh_enable&quot;:false}\">\n\t\t\t\t\t\t<div class=\"elementor-container elementor-column-gap-default\">\n\t\t\t\t\t<div class=\"elementor-column elementor-col-100 elementor-top-column elementor-element elementor-element-32bdd35\" data-id=\"32bdd35\" data-element_type=\"column\">\n\t\t\t<div class=\"elementor-widget-wrap elementor-element-populated\">\n\t\t\t\t<div class=\"elementor-element elementor-element-5dc4abe e-flex e-con-boxed e-con e-parent\" data-id=\"5dc4abe\" data-element_type=\"container\" data-settings=\"{&quot;_ha_eqh_enable&quot;:false}\">\n\t\t\t\t\t<div class=\"e-con-inner\">\n\t\t<div class=\"elementor-element elementor-element-5cba166 e-con-full e-flex e-con e-child\" data-id=\"5cba166\" data-element_type=\"container\" data-settings=\"{&quot;_ha_eqh_enable&quot;:false}\">\n\t\t<div class=\"elementor-element elementor-element-dda901b e-con-full e-flex e-con e-child\" data-id=\"dda901b\" data-element_type=\"container\" data-settings=\"{&quot;_ha_eqh_enable&quot;:false}\">\n\t\t\t\t<div class=\"elementor-element elementor-element-c594ca8 elementor-widget__width-initial animated-img elementor-widget elementor-widget-image\" data-id=\"c594ca8\" data-element_type=\"widget\" data-widget_type=\"image.default\">\n\t\t\t\t\t\t\t\t\t\t\t\t\t\t\t<img fetchpriority=\"high\" decoding=\"async\" width=\"660\" height=\"441\" src=\"https:\/\/www.censalins.g12.br\/wp-content\/uploads\/2025\/10\/biblioteca-dezenove-ii-1.jpg\" class=\"attachment-full size-full wp-image-153\" alt=\"\" srcset=\"https:\/\/www.censalins.g12.br\/wp-content\/uploads\/2025\/10\/biblioteca-dezenove-ii-1.jpg 660w, https:\/\/www.censalins.g12.br\/wp-content\/uploads\/2025\/10\/biblioteca-dezenove-ii-1-300x200.jpg 300w\" sizes=\"(max-width: 660px) 100vw, 660px\" \/>\t\t\t\t\t\t\t\t\t\t\t\t\t\t\t<\/div>\n\t\t\t\t<\/div>\n\t\t\t\t<\/div>\n\t\t<div class=\"elementor-element elementor-element-b7b1d18 e-con-full e-flex e-con e-child\" data-id=\"b7b1d18\" data-element_type=\"container\" data-settings=\"{&quot;_ha_eqh_enable&quot;:false}\">\n\t\t\t\t<div class=\"elementor-element elementor-element-92ba4a6 elementor-widget elementor-widget-image-box\" data-id=\"92ba4a6\" data-element_type=\"widget\" data-widget_type=\"image-box.default\">\n\t\t\t\t\t<div class=\"elementor-image-box-wrapper\"><div class=\"elementor-image-box-content\"><h3 class=\"elementor-image-box-title\">Metodologia Educativa<\/h3><p class=\"elementor-image-box-description\">O CENSA norteia sua a\u00e7\u00e3o educativa pelos princ\u00edpios do sistema Educativo de Dom Bosco: \u201cVer a realidade por meio da raz\u00e3o; julgar a realidade por meio da religi\u00e3o; agir sobre a realidade numa situa\u00e7\u00e3o de amor e compreens\u00e3o\u201d.\nO desafio \u00e9 unir o educador ao educando no processo de abertura interior, de constru\u00e7\u00e3o para a vida, apresentando um novo enfoque \u00e9tico, rico em valores que mostrem aos alunos o amor de Deus e, desse modo, os tornem mais comprometidos com o mundo.\n\u2022 Raz\u00e3o: No sentido de criar e garantir num relacionamento dial\u00f3gico, a autonomia intelectual do aluno, que conhece e assume as raz\u00f5es dos limites e de tudo aquilo que estuda e vivencia.\n\u2022 Religi\u00e3o: Como abertura ao sentido transcendente da exist\u00eancia e pr\u00e1tica dos valores evang\u00e9licos, como atitude ecum\u00eanica e dial\u00f3gica.\n\u2022 Amorevolezza (Amor): Como clima educativo de confian\u00e7a, compreens\u00e3o, alegria e amor, que favore\u00e7a o relacionamento educador\/educando e estimule o crescimento pessoal, sem depend\u00eancia ou direcionismo.\nO desafio da institui\u00e7\u00e3o \u00e9 unir o educador ao educando no processo de abertura interior, de constru\u00e7\u00e3o para a vida, apresentando um novo enfoque \u00e9tico, rico em valores que mostrem aos alunos o amor de Deus e, desse modo, os tornem mais comprometidos com o mundo.<\/p><\/div><\/div>\t\t\t\t<\/div>\n\t\t\t\t<\/div>\n\t\t\t\t\t<\/div>\n\t\t\t\t<\/div>\n\t\t\t\t\t<\/div>\n\t\t<\/div>\n\t\t\t\t\t<\/div>\n\t\t<\/section>\n\t\t<div class=\"elementor-element elementor-element-c549a45 e-flex e-con-boxed e-con e-parent\" data-id=\"c549a45\" data-element_type=\"container\" data-settings=\"{&quot;_ha_eqh_enable&quot;:false}\">\n\t\t\t\t\t<div class=\"e-con-inner\">\n\t\t\t\t<div class=\"elementor-element elementor-element-f97fc1b elementor-widget elementor-widget-heading\" data-id=\"f97fc1b\" data-element_type=\"widget\" data-widget_type=\"heading.default\">\n\t\t\t\t\t<h2 class=\"elementor-heading-title elementor-size-default\">Veja nossa localiza\u00e7\u00e3o e venha nos visitar!<\/h2>\t\t\t\t<\/div>\n\t\t\t\t<div class=\"elementor-element elementor-element-a817032 elementor-widget elementor-widget-text-editor\" data-id=\"a817032\" data-element_type=\"widget\" data-widget_type=\"text-editor.default\">\n\t\t\t\t\t\t\t\t\t<p><span style=\"color: #1b3e92;\">Estamos em um local de f\u00e1cil acesso e preparados para receber voc\u00ea com todo cuidado e aten\u00e7\u00e3o. Venha conhecer nosso espa\u00e7o, tirar suas d\u00favidas pessoalmente e aproveitar tudo o que temos a oferecer.<\/span><\/p><p><strong>Ser\u00e1 um prazer receber a sua visita<\/strong><\/p>\t\t\t\t\t\t\t\t<\/div>\n\t\t\t\t<div class=\"elementor-element elementor-element-5d70261 elementor-widget elementor-widget-google_maps\" data-id=\"5d70261\" data-element_type=\"widget\" data-widget_type=\"google_maps.default\">\n\t\t\t\t\t\t\t<div class=\"elementor-custom-embed\">\n\t\t\t<iframe loading=\"lazy\"\n\t\t\t\t\tsrc=\"https:\/\/maps.google.com\/maps?q=R.%20Dom%20B%C3%B4sco%2C%20431%20-%20Vila%20Alta%2C%20Lins%20-%20SP%2C%2016400-505&#038;t=m&#038;z=10&#038;output=embed&#038;iwloc=near\"\n\t\t\t\t\ttitle=\"R. Dom B\u00f4sco, 431 - Vila Alta, Lins - SP, 16400-505\"\n\t\t\t\t\taria-label=\"R. Dom B\u00f4sco, 431 - Vila Alta, Lins - SP, 16400-505\"\n\t\t\t><\/iframe>\n\t\t<\/div>\n\t\t\t\t\t\t<\/div>\n\t\t\t\t\t<\/div>\n\t\t\t\t<\/div>\n\t\t\t\t<\/div>\n\t\t","protected":false},"excerpt":{"rendered":"<p>Metodologia Educativa O CENSA norteia sua a\u00e7\u00e3o educativa pelos princ\u00edpios do sistema Educativo de Dom Bosco: \u201cVer a realidade por meio da raz\u00e3o; julgar a realidade por meio da religi\u00e3o; [&hellip;]<\/p>\n","protected":false},"author":1,"featured_media":0,"parent":0,"menu_order":0,"comment_status":"closed","ping_status":"closed","template":"elementor_header_footer","meta":{"footnotes":""},"folder":[],"class_list":["post-172","page","type-page","status-publish","hentry"],"_links":{"self":[{"href":"https:\/\/www.censalins.g12.br\/index.php?rest_route=\/wp\/v2\/pages\/172","targetHints":{"allow":["GET"]}}],"collection":[{"href":"https:\/\/www.censalins.g12.br\/index.php?rest_route=\/wp\/v2\/pages"}],"about":[{"href":"https:\/\/www.censalins.g12.br\/index.php?rest_route=\/wp\/v2\/types\/page"}],"author":[{"embeddable":true,"href":"https:\/\/www.censalins.g12.br\/index.php?rest_route=\/wp\/v2\/users\/1"}],"replies":[{"embeddable":true,"href":"https:\/\/www.censalins.g12.br\/index.php?rest_route=%2Fwp%2Fv2%2Fcomments&post=172"}],"version-history":[{"count":13,"href":"https:\/\/www.censalins.g12.br\/index.php?rest_route=\/wp\/v2\/pages\/172\/revisions"}],"predecessor-version":[{"id":620,"href":"https:\/\/www.censalins.g12.br\/index.php?rest_route=\/wp\/v2\/pages\/172\/revisions\/620"}],"wp:attachment":[{"href":"https:\/\/www.censalins.g12.br\/index.php?rest_route=%2Fwp%2Fv2%2Fmedia&parent=172"}],"wp:term":[{"taxonomy":"folder","embeddable":true,"href":"https:\/\/www.censalins.g12.br\/index.php?rest_route=%2Fwp%2Fv2%2Ffolder&post=172"}],"curies":[{"name":"wp","href":"https:\/\/api.w.org\/{rel}","templated":true}]}}