{"id":215,"date":"2025-10-04T17:10:24","date_gmt":"2025-10-04T20:10:24","guid":{"rendered":"https:\/\/www.censalins.g12.br\/?page_id=215"},"modified":"2025-11-06T16:17:56","modified_gmt":"2025-11-06T19:17:56","slug":"secretaria","status":"publish","type":"page","link":"https:\/\/www.censalins.g12.br\/?page_id=215","title":{"rendered":"Secretaria"},"content":{"rendered":"\t\t<div data-elementor-type=\"wp-page\" data-elementor-id=\"215\" class=\"elementor elementor-215\" data-elementor-settings=\"{&quot;ha_cmc_init_switcher&quot;:&quot;no&quot;}\" data-elementor-post-type=\"page\">\n\t\t\t\t\t\t<section class=\"elementor-section elementor-top-section elementor-element elementor-element-8fe481d elementor-section-boxed elementor-section-height-default elementor-section-height-default\" data-id=\"8fe481d\" data-element_type=\"section\" data-settings=\"{&quot;_ha_eqh_enable&quot;:false}\">\n\t\t\t\t\t\t<div class=\"elementor-container elementor-column-gap-default\">\n\t\t\t\t\t<div class=\"elementor-column elementor-col-100 elementor-top-column elementor-element elementor-element-eec61c5\" data-id=\"eec61c5\" data-element_type=\"column\">\n\t\t\t<div class=\"elementor-widget-wrap elementor-element-populated\">\n\t\t\t\t<div class=\"elementor-element elementor-element-24fbe08 e-con-full e-flex e-con e-parent\" data-id=\"24fbe08\" data-element_type=\"container\" data-settings=\"{&quot;_ha_eqh_enable&quot;:false}\">\n\t\t\t\t<div class=\"elementor-element elementor-element-67681dd elementor-widget elementor-widget-image-box\" data-id=\"67681dd\" data-element_type=\"widget\" data-widget_type=\"image-box.default\">\n\t\t\t\t\t<div class=\"elementor-image-box-wrapper\"><div class=\"elementor-image-box-content\"><h3 class=\"elementor-image-box-title\">Secretaria<\/h3><p class=\"elementor-image-box-description\">A Secretaria \u00e9 encarregada pela matr\u00edcula, documenta\u00e7\u00e3o, escritura\u00e7\u00e3o, registro escolar, arquivamento e fichamento de toda a vida escolar do educando para assegurar a autenticidade de seu hist\u00f3rico escolar, bem como da correspond\u00eancia do Centro Educacional Nossa Senhora Auxiliadora.\n\nHor\u00e1rio de Funcionamento:\n8h \u00e0s 11h00min  -  15h \u00e0s 16h40min\n\nE-mail:\nsecretaria@censalins.g12.br<\/p><\/div><\/div>\t\t\t\t<\/div>\n\t\t\t\t<\/div>\n\t\t\t\t\t<\/div>\n\t\t<\/div>\n\t\t\t\t\t<\/div>\n\t\t<\/section>\n\t\t<div class=\"elementor-element elementor-element-676c871 e-flex e-con-boxed e-con e-parent\" data-id=\"676c871\" data-element_type=\"container\" data-settings=\"{&quot;_ha_eqh_enable&quot;:false}\">\n\t\t\t\t\t<div class=\"e-con-inner\">\n\t\t\t\t<div class=\"elementor-element elementor-element-a6d2c45 elementor-widget-divider--view-line elementor-widget elementor-widget-divider\" data-id=\"a6d2c45\" data-element_type=\"widget\" data-widget_type=\"divider.default\">\n\t\t\t\t\t\t\t<div class=\"elementor-divider\">\n\t\t\t<span class=\"elementor-divider-separator\">\n\t\t\t\t\t\t<\/span>\n\t\t<\/div>\n\t\t\t\t\t\t<\/div>\n\t\t\t\t\t<\/div>\n\t\t\t\t<\/div>\n\t\t<div class=\"elementor-element elementor-element-c7fb78a e-flex e-con-boxed e-con e-parent\" data-id=\"c7fb78a\" data-element_type=\"container\" data-settings=\"{&quot;_ha_eqh_enable&quot;:false}\">\n\t\t\t\t\t<div class=\"e-con-inner\">\n\t\t\t\t<div class=\"elementor-element elementor-element-b7d0688 elementor-widget elementor-widget-heading\" data-id=\"b7d0688\" data-element_type=\"widget\" data-widget_type=\"heading.default\">\n\t\t\t\t\t<h2 class=\"elementor-heading-title elementor-size-default\">Veja nossa localiza\u00e7\u00e3o e venha nos visitar!<\/h2>\t\t\t\t<\/div>\n\t\t\t\t<div class=\"elementor-element elementor-element-82ab3fe elementor-widget elementor-widget-text-editor\" data-id=\"82ab3fe\" data-element_type=\"widget\" data-widget_type=\"text-editor.default\">\n\t\t\t\t\t\t\t\t\t<p><span style=\"color: #1b3e92;\">Estamos em um local de f\u00e1cil acesso e preparados para receber voc\u00ea com todo cuidado e aten\u00e7\u00e3o. Venha conhecer nosso espa\u00e7o, tirar suas d\u00favidas pessoalmente e aproveitar tudo o que temos a oferecer.<\/span><\/p><p><strong>Ser\u00e1 um prazer receber a sua visita<\/strong><\/p>\t\t\t\t\t\t\t\t<\/div>\n\t\t\t\t<div class=\"elementor-element elementor-element-c56e31e elementor-widget elementor-widget-google_maps\" data-id=\"c56e31e\" data-element_type=\"widget\" data-widget_type=\"google_maps.default\">\n\t\t\t\t\t\t\t<div class=\"elementor-custom-embed\">\n\t\t\t<iframe loading=\"lazy\"\n\t\t\t\t\tsrc=\"https:\/\/maps.google.com\/maps?q=R.%20Dom%20B%C3%B4sco%2C%20431%20-%20Vila%20Alta%2C%20Lins%20-%20SP%2C%2016400-505&#038;t=m&#038;z=10&#038;output=embed&#038;iwloc=near\"\n\t\t\t\t\ttitle=\"R. Dom B\u00f4sco, 431 - Vila Alta, Lins - SP, 16400-505\"\n\t\t\t\t\taria-label=\"R. Dom B\u00f4sco, 431 - Vila Alta, Lins - SP, 16400-505\"\n\t\t\t><\/iframe>\n\t\t<\/div>\n\t\t\t\t\t\t<\/div>\n\t\t\t\t\t<\/div>\n\t\t\t\t<\/div>\n\t\t\t\t<\/div>\n\t\t","protected":false},"excerpt":{"rendered":"<p>Secretaria A Secretaria \u00e9 encarregada pela matr\u00edcula, documenta\u00e7\u00e3o, escritura\u00e7\u00e3o, registro escolar, arquivamento e fichamento de toda a vida escolar do educando para assegurar a autenticidade de seu hist\u00f3rico escolar, bem [&hellip;]<\/p>\n","protected":false},"author":1,"featured_media":0,"parent":0,"menu_order":0,"comment_status":"closed","ping_status":"closed","template":"elementor_header_footer","meta":{"footnotes":""},"folder":[],"class_list":["post-215","page","type-page","status-publish","hentry"],"_links":{"self":[{"href":"https:\/\/www.censalins.g12.br\/index.php?rest_route=\/wp\/v2\/pages\/215","targetHints":{"allow":["GET"]}}],"collection":[{"href":"https:\/\/www.censalins.g12.br\/index.php?rest_route=\/wp\/v2\/pages"}],"about":[{"href":"https:\/\/www.censalins.g12.br\/index.php?rest_route=\/wp\/v2\/types\/page"}],"author":[{"embeddable":true,"href":"https:\/\/www.censalins.g12.br\/index.php?rest_route=\/wp\/v2\/users\/1"}],"replies":[{"embeddable":true,"href":"https:\/\/www.censalins.g12.br\/index.php?rest_route=%2Fwp%2Fv2%2Fcomments&post=215"}],"version-history":[{"count":10,"href":"https:\/\/www.censalins.g12.br\/index.php?rest_route=\/wp\/v2\/pages\/215\/revisions"}],"predecessor-version":[{"id":624,"href":"https:\/\/www.censalins.g12.br\/index.php?rest_route=\/wp\/v2\/pages\/215\/revisions\/624"}],"wp:attachment":[{"href":"https:\/\/www.censalins.g12.br\/index.php?rest_route=%2Fwp%2Fv2%2Fmedia&parent=215"}],"wp:term":[{"taxonomy":"folder","embeddable":true,"href":"https:\/\/www.censalins.g12.br\/index.php?rest_route=%2Fwp%2Fv2%2Ffolder&post=215"}],"curies":[{"name":"wp","href":"https:\/\/api.w.org\/{rel}","templated":true}]}}