{"id":224,"date":"2025-10-04T17:13:42","date_gmt":"2025-10-04T20:13:42","guid":{"rendered":"https:\/\/www.censalins.g12.br\/?page_id=224"},"modified":"2025-11-06T16:20:20","modified_gmt":"2025-11-06T19:20:20","slug":"corpo-docente","status":"publish","type":"page","link":"https:\/\/www.censalins.g12.br\/?page_id=224","title":{"rendered":"Corpo Docente"},"content":{"rendered":"\t\t<div data-elementor-type=\"wp-page\" data-elementor-id=\"224\" class=\"elementor elementor-224\" data-elementor-settings=\"{&quot;ha_cmc_init_switcher&quot;:&quot;no&quot;}\" data-elementor-post-type=\"page\">\n\t\t\t\t\t\t<section class=\"elementor-section elementor-top-section elementor-element elementor-element-3883159 elementor-section-boxed elementor-section-height-default elementor-section-height-default\" data-id=\"3883159\" data-element_type=\"section\" data-settings=\"{&quot;_ha_eqh_enable&quot;:false}\">\n\t\t\t\t\t\t<div class=\"elementor-container elementor-column-gap-default\">\n\t\t\t\t\t<div class=\"elementor-column elementor-col-100 elementor-top-column elementor-element elementor-element-ba8d2bc\" data-id=\"ba8d2bc\" data-element_type=\"column\">\n\t\t\t<div class=\"elementor-widget-wrap elementor-element-populated\">\n\t\t\t\t<div class=\"elementor-element elementor-element-c8b6ea9 e-flex e-con-boxed e-con e-parent\" data-id=\"c8b6ea9\" data-element_type=\"container\" data-settings=\"{&quot;_ha_eqh_enable&quot;:false}\">\n\t\t\t\t\t<div class=\"e-con-inner\">\n\t\t\t\t<div class=\"elementor-element elementor-element-e1f1df9 elementor-widget elementor-widget-image-box\" data-id=\"e1f1df9\" data-element_type=\"widget\" data-widget_type=\"image-box.default\">\n\t\t\t\t\t<div class=\"elementor-image-box-wrapper\"><div class=\"elementor-image-box-content\"><h3 class=\"elementor-image-box-title\">Corpo Docente<\/h3><p class=\"elementor-image-box-description\">O corpo Docente da escola \u00e9 composto por professores habilitados na forma da lei: todos s\u00e3o licenciados em sua \u00e1rea de atua\u00e7\u00e3o e muitos t\u00eam Curso de Especializa\u00e7\u00e3o, Mestrado e a Diretora \u00e9 Doutora em Educa\u00e7\u00e3o pela PUC de S\u00e3o Paulo.<br><br>\n\nO professor, no Centro Educacional Nossa Senhora Auxiliadora, \u00e9 aquele que se interp\u00f5e entre o aluno e o mundo dos est\u00edmulos, interpretando e dando-lhe significados pertinentes e contempor\u00e2neos. Neste tipo de intera\u00e7\u00e3o, a aprendizagem flui facilmente, colocando o aluno em condi\u00e7\u00f5es de saber pensar, de aprender prazerosamente como Dom Bosco recomendava: \"N\u00e3o fazer que fa\u00e7am, mas fazer que queiram\".<\/p><\/div><\/div>\t\t\t\t<\/div>\n\t\t\t\t\t<\/div>\n\t\t\t\t<\/div>\n\t\t\t\t\t<\/div>\n\t\t<\/div>\n\t\t\t\t\t<\/div>\n\t\t<\/section>\n\t\t<div class=\"elementor-element elementor-element-0d8a6bd e-flex e-con-boxed e-con e-parent\" data-id=\"0d8a6bd\" data-element_type=\"container\" data-settings=\"{&quot;_ha_eqh_enable&quot;:false}\">\n\t\t\t\t\t<div class=\"e-con-inner\">\n\t\t\t\t<div class=\"elementor-element elementor-element-d35e7e4 elementor-widget-divider--view-line elementor-widget elementor-widget-divider\" data-id=\"d35e7e4\" data-element_type=\"widget\" data-widget_type=\"divider.default\">\n\t\t\t\t\t\t\t<div class=\"elementor-divider\">\n\t\t\t<span class=\"elementor-divider-separator\">\n\t\t\t\t\t\t<\/span>\n\t\t<\/div>\n\t\t\t\t\t\t<\/div>\n\t\t\t\t\t<\/div>\n\t\t\t\t<\/div>\n\t\t<div class=\"elementor-element elementor-element-d8edbe2 e-flex e-con-boxed e-con e-parent\" data-id=\"d8edbe2\" data-element_type=\"container\" data-settings=\"{&quot;_ha_eqh_enable&quot;:false}\">\n\t\t\t\t\t<div class=\"e-con-inner\">\n\t\t\t\t<div class=\"elementor-element elementor-element-890fd29 elementor-widget elementor-widget-heading\" data-id=\"890fd29\" data-element_type=\"widget\" data-widget_type=\"heading.default\">\n\t\t\t\t\t<h2 class=\"elementor-heading-title elementor-size-default\">Veja nossa localiza\u00e7\u00e3o e venha nos visitar!<\/h2>\t\t\t\t<\/div>\n\t\t\t\t<div class=\"elementor-element elementor-element-28e68ef elementor-widget elementor-widget-text-editor\" data-id=\"28e68ef\" data-element_type=\"widget\" data-widget_type=\"text-editor.default\">\n\t\t\t\t\t\t\t\t\t<p><span style=\"color: #1b3e92;\">Estamos em um local de f\u00e1cil acesso e preparados para receber voc\u00ea com todo cuidado e aten\u00e7\u00e3o. Venha conhecer nosso espa\u00e7o, tirar suas d\u00favidas pessoalmente e aproveitar tudo o que temos a oferecer.<\/span><\/p><p><strong>Ser\u00e1 um prazer receber a sua visita<\/strong><\/p>\t\t\t\t\t\t\t\t<\/div>\n\t\t\t\t<div class=\"elementor-element elementor-element-1936577 elementor-widget elementor-widget-google_maps\" data-id=\"1936577\" data-element_type=\"widget\" data-widget_type=\"google_maps.default\">\n\t\t\t\t\t\t\t<div class=\"elementor-custom-embed\">\n\t\t\t<iframe loading=\"lazy\"\n\t\t\t\t\tsrc=\"https:\/\/maps.google.com\/maps?q=R.%20Dom%20B%C3%B4sco%2C%20431%20-%20Vila%20Alta%2C%20Lins%20-%20SP%2C%2016400-505&#038;t=m&#038;z=10&#038;output=embed&#038;iwloc=near\"\n\t\t\t\t\ttitle=\"R. Dom B\u00f4sco, 431 - Vila Alta, Lins - SP, 16400-505\"\n\t\t\t\t\taria-label=\"R. Dom B\u00f4sco, 431 - Vila Alta, Lins - SP, 16400-505\"\n\t\t\t><\/iframe>\n\t\t<\/div>\n\t\t\t\t\t\t<\/div>\n\t\t\t\t\t<\/div>\n\t\t\t\t<\/div>\n\t\t\t\t<\/div>\n\t\t","protected":false},"excerpt":{"rendered":"<p>Corpo Docente O corpo Docente da escola \u00e9 composto por professores habilitados na forma da lei: todos s\u00e3o licenciados em sua \u00e1rea de atua\u00e7\u00e3o e muitos t\u00eam Curso de Especializa\u00e7\u00e3o, [&hellip;]<\/p>\n","protected":false},"author":1,"featured_media":0,"parent":0,"menu_order":0,"comment_status":"closed","ping_status":"closed","template":"elementor_header_footer","meta":{"footnotes":""},"folder":[],"class_list":["post-224","page","type-page","status-publish","hentry"],"_links":{"self":[{"href":"https:\/\/www.censalins.g12.br\/index.php?rest_route=\/wp\/v2\/pages\/224","targetHints":{"allow":["GET"]}}],"collection":[{"href":"https:\/\/www.censalins.g12.br\/index.php?rest_route=\/wp\/v2\/pages"}],"about":[{"href":"https:\/\/www.censalins.g12.br\/index.php?rest_route=\/wp\/v2\/types\/page"}],"author":[{"embeddable":true,"href":"https:\/\/www.censalins.g12.br\/index.php?rest_route=\/wp\/v2\/users\/1"}],"replies":[{"embeddable":true,"href":"https:\/\/www.censalins.g12.br\/index.php?rest_route=%2Fwp%2Fv2%2Fcomments&post=224"}],"version-history":[{"count":10,"href":"https:\/\/www.censalins.g12.br\/index.php?rest_route=\/wp\/v2\/pages\/224\/revisions"}],"predecessor-version":[{"id":627,"href":"https:\/\/www.censalins.g12.br\/index.php?rest_route=\/wp\/v2\/pages\/224\/revisions\/627"}],"wp:attachment":[{"href":"https:\/\/www.censalins.g12.br\/index.php?rest_route=%2Fwp%2Fv2%2Fmedia&parent=224"}],"wp:term":[{"taxonomy":"folder","embeddable":true,"href":"https:\/\/www.censalins.g12.br\/index.php?rest_route=%2Fwp%2Fv2%2Ffolder&post=224"}],"curies":[{"name":"wp","href":"https:\/\/api.w.org\/{rel}","templated":true}]}}