{"id":347,"date":"2025-10-05T21:55:06","date_gmt":"2025-10-06T00:55:06","guid":{"rendered":"https:\/\/www.censalins.g12.br\/?page_id=347"},"modified":"2025-11-19T08:26:43","modified_gmt":"2025-11-19T11:26:43","slug":"ensino-medio","status":"publish","type":"page","link":"https:\/\/www.censalins.g12.br\/?page_id=347","title":{"rendered":"Ensino M\u00e9dio"},"content":{"rendered":"\t\t<div data-elementor-type=\"wp-page\" data-elementor-id=\"347\" class=\"elementor elementor-347\" data-elementor-settings=\"{&quot;ha_cmc_init_switcher&quot;:&quot;no&quot;}\" data-elementor-post-type=\"page\">\n\t\t\t\t<div class=\"elementor-element elementor-element-1423edd e-flex e-con-boxed e-con e-parent\" data-id=\"1423edd\" data-element_type=\"container\" data-settings=\"{&quot;background_background&quot;:&quot;classic&quot;,&quot;_ha_eqh_enable&quot;:false}\">\n\t\t\t\t\t<div class=\"e-con-inner\">\n\t\t\t\t<div class=\"elementor-element elementor-element-d543e48 elementor-align-center elementor-icon-list--layout-traditional elementor-list-item-link-full_width elementor-widget elementor-widget-icon-list\" data-id=\"d543e48\" data-element_type=\"widget\" data-widget_type=\"icon-list.default\">\n\t\t\t\t\t\t\t<ul class=\"elementor-icon-list-items\">\n\t\t\t\t\t\t\t<li class=\"elementor-icon-list-item\">\n\t\t\t\t\t\t\t\t\t\t\t<span class=\"elementor-icon-list-icon\">\n\t\t\t\t\t\t\t<i aria-hidden=\"true\" class=\"huge huge-user-multiple\"><\/i>\t\t\t\t\t\t<\/span>\n\t\t\t\t\t\t\t\t\t\t<span class=\"elementor-icon-list-text\">Ensino M\u00e9dio<\/span>\n\t\t\t\t\t\t\t\t\t<\/li>\n\t\t\t\t\t\t<\/ul>\n\t\t\t\t\t\t<\/div>\n\t\t\t\t<div class=\"elementor-element elementor-element-0920c59 elementor-widget elementor-widget-text-editor\" data-id=\"0920c59\" data-element_type=\"widget\" data-widget_type=\"text-editor.default\">\n\t\t\t\t\t\t\t\t\t<p>Nesta etapa se realiza a consolida\u00e7\u00e3o e o aprofundamento dos conhecimentos adquiridos no ensino fundamental e se favorece a autonomia intelectual e o pensamento cr\u00edtico de cada jovem.<\/p><p>A metodologia de ensino de cada \u00e1rea de conhecimento busca a prepara\u00e7\u00e3o para o vestibular e a prepara\u00e7\u00e3o para toda uma vida, desenvolvendo a capacidade de compreender, segundo a perspectiva crist\u00e3, os fundamentos cient\u00edfico-tecnol\u00f3gicos dos processos produtivos, relacionando a teoria com a pr\u00e1tica.<\/p>\t\t\t\t\t\t\t\t<\/div>\n\t\t\t\t<div class=\"elementor-element elementor-element-24c6ddf elementor-widget elementor-widget-text-editor\" data-id=\"24c6ddf\" data-element_type=\"widget\" data-widget_type=\"text-editor.default\">\n\t\t\t\t\t\t\t\t\t<p><strong>Possibilidades de aprendizagem<\/strong><\/p><p>Os alunos contam, sobretudo, com professores altamente qualificados para prepar\u00e1-los para a vida futura.<br \/>A pesquisa cientifica \u00e9 o cume do trabalho did\u00e1tico e os alunos usufruem de aulas especificas.<\/p><p><strong>Contam tamb\u00e9m com:<\/strong><\/p><ul><li>Salas de aula climatizadas e carteiras adapt\u00e1veis<\/li><li>Laborat\u00f3rio Multidisciplinar (CFB) rico em equipamentos<\/li><li>Laborat\u00f3rio de inform\u00e1tica<\/li><li>Sala de audiovisual com lousa interativa digital.<\/li><\/ul><p>Outro forte aspecto deste n\u00edvel \u00e9 a Plataforma de Ensino e o excelente material did\u00e1tico do <strong>SAS &#8211; Sistema Ari de S\u00e1<\/strong>. Tecnologia que prepara alunos para os melhores vestibulares do pa\u00eds.<\/p><p>Para os alunos do 3\u00ba ano a cole\u00e7\u00e3o se destaca pela adequa\u00e7\u00e3o da programa\u00e7\u00e3o did\u00e1tica e curricular \u00e0s exig\u00eancias do<strong> ENEM<\/strong> e <strong>Vestibulares<\/strong>.<\/p><p><strong>Coordenadora Pedag\u00f3gica:\u00a0<\/strong>Daniela Burghetti<\/p><p><strong>Contato:\u00a0<\/strong>coordenaped69em@censalins.g12.br<\/p><p><strong>Coordena\u00e7\u00e3o Educativa Pastoral:<\/strong> Vera L\u00facia<\/p><p><strong>Contato:<\/strong>\u00a0aeducativa@censalins.g12.br<\/p>\t\t\t\t\t\t\t\t<\/div>\n\t\t\t\t<div class=\"elementor-element elementor-element-3142355 elementor-arrows-position-inside elementor-pagination-position-outside elementor-widget elementor-widget-image-carousel\" data-id=\"3142355\" data-element_type=\"widget\" data-settings=\"{&quot;slides_to_show&quot;:&quot;7&quot;,&quot;navigation&quot;:&quot;both&quot;,&quot;autoplay&quot;:&quot;yes&quot;,&quot;pause_on_hover&quot;:&quot;yes&quot;,&quot;pause_on_interaction&quot;:&quot;yes&quot;,&quot;autoplay_speed&quot;:5000,&quot;infinite&quot;:&quot;yes&quot;,&quot;speed&quot;:500}\" data-widget_type=\"image-carousel.default\">\n\t\t\t\t\t\t\t<div class=\"elementor-image-carousel-wrapper swiper\" role=\"region\" aria-roledescription=\"carousel\" aria-label=\"Carrossel de imagens\" dir=\"ltr\">\n\t\t\t<div class=\"elementor-image-carousel swiper-wrapper\" aria-live=\"off\">\n\t\t\t\t\t\t\t\t<div class=\"swiper-slide\" role=\"group\" aria-roledescription=\"slide\" aria-label=\"1 de 10\"><figure class=\"swiper-slide-inner\"><img decoding=\"async\" class=\"swiper-slide-image\" src=\"https:\/\/www.censalins.g12.br\/wp-content\/uploads\/2025\/10\/thumb_163__edu-inf-04-1.jpg\" alt=\"thumb_163__edu-inf-04\" \/><\/figure><\/div><div class=\"swiper-slide\" role=\"group\" aria-roledescription=\"slide\" aria-label=\"2 de 10\"><figure class=\"swiper-slide-inner\"><img decoding=\"async\" class=\"swiper-slide-image\" src=\"https:\/\/www.censalins.g12.br\/wp-content\/uploads\/2025\/10\/thumb_163__edu-inf-05-1.jpg\" alt=\"thumb_163__edu-inf-05\" \/><\/figure><\/div><div class=\"swiper-slide\" role=\"group\" aria-roledescription=\"slide\" aria-label=\"3 de 10\"><figure class=\"swiper-slide-inner\"><img decoding=\"async\" class=\"swiper-slide-image\" src=\"https:\/\/www.censalins.g12.br\/wp-content\/uploads\/2025\/10\/thumb_163__edu-inf-06.jpg\" alt=\"thumb_163__edu-inf-06\" \/><\/figure><\/div><div class=\"swiper-slide\" role=\"group\" aria-roledescription=\"slide\" aria-label=\"4 de 10\"><figure class=\"swiper-slide-inner\"><img decoding=\"async\" class=\"swiper-slide-image\" src=\"https:\/\/www.censalins.g12.br\/wp-content\/uploads\/2025\/10\/thumb_163__edu-inf-07-1.jpg\" alt=\"thumb_163__edu-inf-07\" \/><\/figure><\/div><div class=\"swiper-slide\" role=\"group\" aria-roledescription=\"slide\" aria-label=\"5 de 10\"><figure class=\"swiper-slide-inner\"><img decoding=\"async\" class=\"swiper-slide-image\" src=\"https:\/\/www.censalins.g12.br\/wp-content\/uploads\/2025\/10\/thumb_163__edu-inf-08.jpg\" alt=\"thumb_163__edu-inf-08\" \/><\/figure><\/div><div class=\"swiper-slide\" role=\"group\" aria-roledescription=\"slide\" aria-label=\"6 de 10\"><figure class=\"swiper-slide-inner\"><img decoding=\"async\" class=\"swiper-slide-image\" src=\"https:\/\/www.censalins.g12.br\/wp-content\/uploads\/2025\/10\/thumb_163__edu-inf-09.jpg\" alt=\"thumb_163__edu-inf-09\" \/><\/figure><\/div><div class=\"swiper-slide\" role=\"group\" aria-roledescription=\"slide\" aria-label=\"7 de 10\"><figure class=\"swiper-slide-inner\"><img decoding=\"async\" class=\"swiper-slide-image\" src=\"https:\/\/www.censalins.g12.br\/wp-content\/uploads\/2025\/10\/thumb_0_0_edu-inf-10.jpg\" alt=\"thumb_0_0_edu-inf-10\" \/><\/figure><\/div><div class=\"swiper-slide\" role=\"group\" aria-roledescription=\"slide\" aria-label=\"8 de 10\"><figure class=\"swiper-slide-inner\"><img decoding=\"async\" class=\"swiper-slide-image\" src=\"https:\/\/www.censalins.g12.br\/wp-content\/uploads\/2025\/10\/thumb_163__edu-inf-01.jpg\" alt=\"thumb_163__edu-inf-01\" \/><\/figure><\/div><div class=\"swiper-slide\" role=\"group\" aria-roledescription=\"slide\" aria-label=\"9 de 10\"><figure class=\"swiper-slide-inner\"><img decoding=\"async\" class=\"swiper-slide-image\" src=\"https:\/\/www.censalins.g12.br\/wp-content\/uploads\/2025\/10\/thumb_163__edu-inf-02.jpg\" alt=\"thumb_163__edu-inf-02\" \/><\/figure><\/div><div class=\"swiper-slide\" role=\"group\" aria-roledescription=\"slide\" aria-label=\"10 de 10\"><figure class=\"swiper-slide-inner\"><img decoding=\"async\" class=\"swiper-slide-image\" src=\"https:\/\/www.censalins.g12.br\/wp-content\/uploads\/2025\/10\/thumb_163__edu-inf-03.jpg\" alt=\"thumb_163__edu-inf-03\" \/><\/figure><\/div>\t\t\t<\/div>\n\t\t\t\t\t\t\t\t\t\t\t\t<div class=\"elementor-swiper-button elementor-swiper-button-prev\" role=\"button\" tabindex=\"0\">\n\t\t\t\t\t\t<svg aria-hidden=\"true\" class=\"e-font-icon-svg e-eicon-chevron-left\" viewBox=\"0 0 1000 1000\" xmlns=\"http:\/\/www.w3.org\/2000\/svg\"><path d=\"M646 125C629 125 613 133 604 142L308 442C296 454 292 471 292 487 292 504 296 521 308 533L604 854C617 867 629 875 646 875 663 875 679 871 692 858 704 846 713 829 713 812 713 796 708 779 692 767L438 487 692 225C700 217 708 204 708 187 708 171 704 154 692 142 675 129 663 125 646 125Z\"><\/path><\/svg>\t\t\t\t\t<\/div>\n\t\t\t\t\t<div class=\"elementor-swiper-button elementor-swiper-button-next\" role=\"button\" tabindex=\"0\">\n\t\t\t\t\t\t<svg aria-hidden=\"true\" class=\"e-font-icon-svg e-eicon-chevron-right\" viewBox=\"0 0 1000 1000\" xmlns=\"http:\/\/www.w3.org\/2000\/svg\"><path d=\"M696 533C708 521 713 504 713 487 713 471 708 454 696 446L400 146C388 133 375 125 354 125 338 125 325 129 313 142 300 154 292 171 292 187 292 204 296 221 308 233L563 492 304 771C292 783 288 800 288 817 288 833 296 850 308 863 321 871 338 875 354 875 371 875 388 867 400 854L696 533Z\"><\/path><\/svg>\t\t\t\t\t<\/div>\n\t\t\t\t\n\t\t\t\t\t\t\t\t\t<div class=\"swiper-pagination\"><\/div>\n\t\t\t\t\t\t\t\t\t<\/div>\n\t\t\t\t\t\t<\/div>\n\t\t\t\t\t<\/div>\n\t\t\t\t<\/div>\n\t\t\t\t<\/div>\n\t\t","protected":false},"excerpt":{"rendered":"<p>Ensino M\u00e9dio Nesta etapa se realiza a consolida\u00e7\u00e3o e o aprofundamento dos conhecimentos adquiridos no ensino fundamental e se favorece a autonomia intelectual e o pensamento cr\u00edtico de cada jovem. [&hellip;]<\/p>\n","protected":false},"author":1,"featured_media":0,"parent":0,"menu_order":0,"comment_status":"closed","ping_status":"closed","template":"elementor_header_footer","meta":{"footnotes":""},"folder":[],"class_list":["post-347","page","type-page","status-publish","hentry"],"_links":{"self":[{"href":"https:\/\/www.censalins.g12.br\/index.php?rest_route=\/wp\/v2\/pages\/347","targetHints":{"allow":["GET"]}}],"collection":[{"href":"https:\/\/www.censalins.g12.br\/index.php?rest_route=\/wp\/v2\/pages"}],"about":[{"href":"https:\/\/www.censalins.g12.br\/index.php?rest_route=\/wp\/v2\/types\/page"}],"author":[{"embeddable":true,"href":"https:\/\/www.censalins.g12.br\/index.php?rest_route=\/wp\/v2\/users\/1"}],"replies":[{"embeddable":true,"href":"https:\/\/www.censalins.g12.br\/index.php?rest_route=%2Fwp%2Fv2%2Fcomments&post=347"}],"version-history":[{"count":13,"href":"https:\/\/www.censalins.g12.br\/index.php?rest_route=\/wp\/v2\/pages\/347\/revisions"}],"predecessor-version":[{"id":644,"href":"https:\/\/www.censalins.g12.br\/index.php?rest_route=\/wp\/v2\/pages\/347\/revisions\/644"}],"wp:attachment":[{"href":"https:\/\/www.censalins.g12.br\/index.php?rest_route=%2Fwp%2Fv2%2Fmedia&parent=347"}],"wp:term":[{"taxonomy":"folder","embeddable":true,"href":"https:\/\/www.censalins.g12.br\/index.php?rest_route=%2Fwp%2Fv2%2Ffolder&post=347"}],"curies":[{"name":"wp","href":"https:\/\/api.w.org\/{rel}","templated":true}]}}